{"id":491,"date":"2019-02-08T11:36:28","date_gmt":"2019-02-08T10:36:28","guid":{"rendered":"https:\/\/face-paris.org\/competences45+test\/?page_id=491"},"modified":"2022-01-14T09:17:52","modified_gmt":"2022-01-14T08:17:52","slug":"qui-sommes-nous","status":"publish","type":"page","link":"https:\/\/face-paris.org\/competences50+\/qui-sommes-nous\/","title":{"rendered":"Qui sommes-nous ?"},"content":{"rendered":"<p>FACE Paris Hauts de Seine association loi 1901 cr\u00e9\u00e9 en<strong>\u00a0juin 2006<\/strong>\u00a0\u00e0 l\u2019initiative d\u2019entreprises volontaires et de la\u00a0<strong>Mairie de Paris<\/strong>, participe au grand mouvement social des entreprises aux c\u00f4t\u00e9s des 47 associations d\u2019entreprises rattach\u00e9s \u00e0 la Fondation Agir Contre l\u2019Exclusion (4 500 entreprises).\u00a0 FACE Paris Hauts de Seine agit sur les territoires du 75 et du 92 dans l&rsquo;accompagnement des personnes \u00e9loign\u00e9es de l&#8217;emploi ou l&rsquo;activit\u00e9 professionnelle en s&rsquo;appuyant sur les entreprises.<\/p>\n<p>FACE sur les territoires de Paris et des Hauts de Seine rassemble aujourd\u2019hui des entreprises de toute taille et tout secteur d\u2019activit\u00e9 souhaitant s\u2019inscrire dans une\u00a0<strong>relation dynamique avec leur environnement social et leur territoire<\/strong>. Du comit\u00e9 de direction \u00e0 l\u2019ensemble des salari\u00e9-e-s,<strong>\u00a0chacun-e peut s\u2019investir et agir en faveur de l\u2019inclusion sociale.<\/strong><\/p>\n","protected":false},"excerpt":{"rendered":"<p>FACE Paris Hauts de Seine association loi 1901 cr\u00e9\u00e9 en\u00a0juin 2006\u00a0\u00e0 l\u2019initiative d\u2019entreprises volontaires et de la\u00a0Mairie de Paris, participe au grand mouvement social des entreprises aux c\u00f4t\u00e9s des 47 [&hellip;]<\/p>\n","protected":false},"author":9,"featured_media":0,"parent":0,"menu_order":0,"comment_status":"closed","ping_status":"closed","template":"","meta":{"_et_pb_use_builder":"off","_et_pb_old_content":"","_et_gb_content_width":"","footnotes":""},"class_list":["post-491","page","type-page","status-publish","hentry"],"_links":{"self":[{"href":"https:\/\/face-paris.org\/competences50+\/wp-json\/wp\/v2\/pages\/491","targetHints":{"allow":["GET"]}}],"collection":[{"href":"https:\/\/face-paris.org\/competences50+\/wp-json\/wp\/v2\/pages"}],"about":[{"href":"https:\/\/face-paris.org\/competences50+\/wp-json\/wp\/v2\/types\/page"}],"author":[{"embeddable":true,"href":"https:\/\/face-paris.org\/competences50+\/wp-json\/wp\/v2\/users\/9"}],"replies":[{"embeddable":true,"href":"https:\/\/face-paris.org\/competences50+\/wp-json\/wp\/v2\/comments?post=491"}],"version-history":[{"count":16,"href":"https:\/\/face-paris.org\/competences50+\/wp-json\/wp\/v2\/pages\/491\/revisions"}],"predecessor-version":[{"id":2556,"href":"https:\/\/face-paris.org\/competences50+\/wp-json\/wp\/v2\/pages\/491\/revisions\/2556"}],"wp:attachment":[{"href":"https:\/\/face-paris.org\/competences50+\/wp-json\/wp\/v2\/media?parent=491"}],"curies":[{"name":"wp","href":"https:\/\/api.w.org\/{rel}","templated":true}]}}