{"id":439,"date":"2019-02-06T17:21:25","date_gmt":"2019-02-06T16:21:25","guid":{"rendered":"https:\/\/face-paris.org\/competences45+test\/?page_id=439"},"modified":"2020-11-19T10:54:18","modified_gmt":"2020-11-19T09:54:18","slug":"je-veux-contribuer","status":"publish","type":"page","link":"https:\/\/face-paris.org\/competences50+\/je-veux-contribuer\/","title":{"rendered":"Je veux contribuer"},"content":{"rendered":"<p>[et_pb_section fb_built=\u00a0\u00bb1&Prime; specialty=\u00a0\u00bbon\u00a0\u00bb _builder_version=\u00a0\u00bb3.19.9&Prime; custom_margin=\u00a0\u00bb||\u00a0\u00bb custom_padding=\u00a0\u00bb0px||\u00a0\u00bb top_divider_height=\u00a0\u00bb0px\u00a0\u00bb][et_pb_column type=\u00a0\u00bb3_4&Prime; specialty_columns=\u00a0\u00bb3&Prime; _builder_version=\u00a0\u00bb3.0.47&Prime; parallax__hover=\u00a0\u00bboff\u00a0\u00bb parallax_method__hover=\u00a0\u00bbon\u00a0\u00bb parallax=\u00a0\u00bboff\u00a0\u00bb parallax_method=\u00a0\u00bbon\u00a0\u00bb][et_pb_row_inner _builder_version=\u00a0\u00bb3.19.9&Prime;][et_pb_column_inner type=\u00a0\u00bb4_4&Prime; saved_specialty_column_type=\u00a0\u00bb3_4&Prime; _builder_version=\u00a0\u00bb3.0.47&Prime; parallax__hover=\u00a0\u00bboff\u00a0\u00bb parallax_method__hover=\u00a0\u00bbon\u00a0\u00bb parallax=\u00a0\u00bboff\u00a0\u00bb parallax_method=\u00a0\u00bbon\u00a0\u00bb][et_pb_text _builder_version=\u00a0\u00bb3.19.9&Prime; header_font=\u00a0\u00bb||||||||\u00a0\u00bb header_font_size=\u00a0\u00bb42px\u00a0\u00bb]<\/p>\n<h1>Je veux contribuer<\/h1>\n<p>&nbsp;<\/p>\n<p>Vous avez envie de contribuer \u00e0 Comp\u00e9tences 45+ ? Contactez Aurore Ruffier, notre charg\u00e9e de partenariats, \u00e0 l&rsquo;adresse : <a href=\"a.ruffier@fondationface.org\">a.ruffier@fondationface.org<\/a> !<\/p>\n<p>[\/et_pb_text][\/et_pb_column_inner][\/et_pb_row_inner][et_pb_row_inner _builder_version=\u00a0\u00bb3.19.9&Prime;][et_pb_column_inner type=\u00a0\u00bb1_2&Prime; saved_specialty_column_type=\u00a0\u00bb3_4&Prime; _builder_version=\u00a0\u00bb3.0.47&Prime; parallax__hover=\u00a0\u00bboff\u00a0\u00bb parallax_method__hover=\u00a0\u00bbon\u00a0\u00bb parallax=\u00a0\u00bboff\u00a0\u00bb parallax_method=\u00a0\u00bbon\u00a0\u00bb][et_pb_cta title=\u00a0\u00bbVous voulez recruter des 45 +\u00a0\u00bb button_text=\u00a0\u00bbClick Here\u00a0\u00bb _builder_version=\u00a0\u00bb3.19.9&Prime;]<\/p>\n<p class=\"p1\">Vous \u00eates une entreprise, un.e employeur.euse ? Vous souhaitez recruter des 45+ ? <strong>Ouvrez vos portes pour une rencontre entreprise<\/strong> : pr\u00e9sentez votre structure, vos m\u00e9tiers et vos modes de recrutement, au public de Comp\u00e9tences 45+ !<\/p>\n<p>[\/et_pb_cta][et_pb_cta title=\u00a0\u00bbVous voulez faire du parrainage\u00a0\u00bb button_text=\u00a0\u00bbClick Here\u00a0\u00bb _builder_version=\u00a0\u00bb3.19.9&Prime;]<\/p>\n<p class=\"p1\">Vous \u00eates une entreprise ? Mobilisez vos collaborateur.trice.s dans le cadre du parrainage !<\/p>\n<p class=\"p1\">Vous \u00eates salari\u00e9.e, entrepreneur.euse ou ind\u00e9pendant.e ? <strong>Devenez parrain ou marraine<\/strong> pour accompagner une personne en recherche d&#8217;emploi !<\/p>\n<p>[\/et_pb_cta][\/et_pb_column_inner][et_pb_column_inner type=\u00a0\u00bb1_2&Prime; saved_specialty_column_type=\u00a0\u00bb3_4&Prime; _builder_version=\u00a0\u00bb3.0.47&Prime; parallax__hover=\u00a0\u00bboff\u00a0\u00bb parallax_method__hover=\u00a0\u00bbon\u00a0\u00bb parallax=\u00a0\u00bboff\u00a0\u00bb parallax_method=\u00a0\u00bbon\u00a0\u00bb][et_pb_cta title=\u00a0\u00bbVous voulez partagez votre expertise\u00a0\u00bb button_text=\u00a0\u00bbClick Here\u00a0\u00bb _builder_version=\u00a0\u00bb3.19.9&Prime;]<\/p>\n<p class=\"p1\">Vous \u00eates formateur.trice ou coach professionnel.le ? Vous avez envie de donner de votre temps pour accompagner des\u00a0<span>personnes en recherche d&#8217;emploi ou reconversion <\/span>? <strong>Animez des ateliers<\/strong> pour <span>Comp\u00e9tences 45+ !<\/span><\/p>\n<p>[\/et_pb_cta][et_pb_cta title=\u00a0\u00bbVous voulez vous faire conna\u00eetre \u00a0\u00bb button_text=\u00a0\u00bbClick Here\u00a0\u00bb _builder_version=\u00a0\u00bb3.19.9&Prime;]<\/p>\n<p class=\"p1\">Vous \u00eates un\u00a0<span>organisme de formation, une\u00a0<\/span><span>start-up, une association, une coop\u00e9rative, actrice de l\u2019emploi et\u00a0<\/span><span>l\u2019insertion professionnelle ?\u00a0<\/span><span>Vous souhaitez faire conna\u00eetre\u00a0<\/span><span>votre action \u00e0 des personnes en recherche d&#8217;emploi ou reconversion ? <strong>Proposez\u00a0<\/strong><strong>une rencontre partenaire<\/strong> !<\/span><\/p>\n<p>[\/et_pb_cta][\/et_pb_column_inner][\/et_pb_row_inner][\/et_pb_column][et_pb_column type=\u00a0\u00bb1_4&Prime; _builder_version=\u00a0\u00bb3.0.47&Prime; parallax__hover=\u00a0\u00bboff\u00a0\u00bb parallax_method__hover=\u00a0\u00bbon\u00a0\u00bb parallax=\u00a0\u00bboff\u00a0\u00bb parallax_method=\u00a0\u00bbon\u00a0\u00bb][et_pb_sidebar orientation=\u00a0\u00bbright\u00a0\u00bb _builder_version=\u00a0\u00bb3.19.9&Prime;][\/et_pb_sidebar][\/et_pb_column][\/et_pb_section]<\/p>\n","protected":false},"excerpt":{"rendered":"<p>[et_pb_section fb_built=\u00a0\u00bb1&Prime; specialty=\u00a0\u00bbon\u00a0\u00bb _builder_version=\u00a0\u00bb3.19.9&Prime; custom_margin=\u00a0\u00bb||\u00a0\u00bb custom_padding=\u00a0\u00bb0px||\u00a0\u00bb top_divider_height=\u00a0\u00bb0px\u00a0\u00bb][et_pb_column type=\u00a0\u00bb3_4&Prime; specialty_columns=\u00a0\u00bb3&Prime; _builder_version=\u00a0\u00bb3.0.47&Prime; parallax__hover=\u00a0\u00bboff\u00a0\u00bb parallax_method__hover=\u00a0\u00bbon\u00a0\u00bb parallax=\u00a0\u00bboff\u00a0\u00bb parallax_method=\u00a0\u00bbon\u00a0\u00bb][et_pb_row_inner _builder_version=\u00a0\u00bb3.19.9&Prime;][et_pb_column_inner type=\u00a0\u00bb4_4&Prime; saved_specialty_column_type=\u00a0\u00bb3_4&Prime; _builder_version=\u00a0\u00bb3.0.47&Prime; parallax__hover=\u00a0\u00bboff\u00a0\u00bb parallax_method__hover=\u00a0\u00bbon\u00a0\u00bb parallax=\u00a0\u00bboff\u00a0\u00bb parallax_method=\u00a0\u00bbon\u00a0\u00bb][et_pb_text _builder_version=\u00a0\u00bb3.19.9&Prime; header_font=\u00a0\u00bb||||||||\u00a0\u00bb header_font_size=\u00a0\u00bb42px\u00a0\u00bb] Je veux contribuer &nbsp; Vous [&hellip;]<\/p>\n","protected":false},"author":9,"featured_media":0,"parent":0,"menu_order":0,"comment_status":"closed","ping_status":"closed","template":"","meta":{"_et_pb_use_builder":"on","_et_pb_old_content":"<p>\u00c0 venir<\/p>","_et_gb_content_width":"","footnotes":""},"class_list":["post-439","page","type-page","status-publish","hentry"],"_links":{"self":[{"href":"https:\/\/face-paris.org\/competences50+\/wp-json\/wp\/v2\/pages\/439","targetHints":{"allow":["GET"]}}],"collection":[{"href":"https:\/\/face-paris.org\/competences50+\/wp-json\/wp\/v2\/pages"}],"about":[{"href":"https:\/\/face-paris.org\/competences50+\/wp-json\/wp\/v2\/types\/page"}],"author":[{"embeddable":true,"href":"https:\/\/face-paris.org\/competences50+\/wp-json\/wp\/v2\/users\/9"}],"replies":[{"embeddable":true,"href":"https:\/\/face-paris.org\/competences50+\/wp-json\/wp\/v2\/comments?post=439"}],"version-history":[{"count":17,"href":"https:\/\/face-paris.org\/competences50+\/wp-json\/wp\/v2\/pages\/439\/revisions"}],"predecessor-version":[{"id":1148,"href":"https:\/\/face-paris.org\/competences50+\/wp-json\/wp\/v2\/pages\/439\/revisions\/1148"}],"wp:attachment":[{"href":"https:\/\/face-paris.org\/competences50+\/wp-json\/wp\/v2\/media?parent=439"}],"curies":[{"name":"wp","href":"https:\/\/api.w.org\/{rel}","templated":true}]}}